{"id":1230,"date":"2024-01-07T21:58:03","date_gmt":"2024-01-07T20:58:03","guid":{"rendered":"https:\/\/www.bdtravnickova.cz\/?page_id=1230"},"modified":"2024-01-15T14:03:25","modified_gmt":"2024-01-15T13:03:25","slug":"cenik-uhrad-a-sankci","status":"publish","type":"page","link":"https:\/\/www.bdtravnickova.cz\/?page_id=1230","title":{"rendered":"Cen\u00edk poplatk\u016f a sankc\u00ed"},"content":{"rendered":"<p><a href=\"\/smernice\/2024_Poplatky_Sankce_Cenik1.pdf\"><strong>Cen\u00edk poplatk\u016f a sankc\u00ed <\/strong><strong>\u010d. 01\/2024 <\/strong><strong>platn\u00fd od 01.01.2024<\/strong><\/a><\/p>\n<p>&nbsp;<\/p>\n","protected":false},"excerpt":{"rendered":"<p>Cen\u00edk poplatk\u016f a sankc\u00ed \u010d. 01\/2024 platn\u00fd od 01.01.2024 &nbsp;<\/p>\n","protected":false},"author":1,"featured_media":0,"parent":0,"menu_order":0,"comment_status":"closed","ping_status":"closed","template":"","meta":{"footnotes":""},"class_list":["post-1230","page","type-page","status-publish","hentry","no-thumb"],"_links":{"self":[{"href":"https:\/\/www.bdtravnickova.cz\/index.php?rest_route=\/wp\/v2\/pages\/1230","targetHints":{"allow":["GET"]}}],"collection":[{"href":"https:\/\/www.bdtravnickova.cz\/index.php?rest_route=\/wp\/v2\/pages"}],"about":[{"href":"https:\/\/www.bdtravnickova.cz\/index.php?rest_route=\/wp\/v2\/types\/page"}],"author":[{"embeddable":true,"href":"https:\/\/www.bdtravnickova.cz\/index.php?rest_route=\/wp\/v2\/users\/1"}],"replies":[{"embeddable":true,"href":"https:\/\/www.bdtravnickova.cz\/index.php?rest_route=%2Fwp%2Fv2%2Fcomments&post=1230"}],"version-history":[{"count":9,"href":"https:\/\/www.bdtravnickova.cz\/index.php?rest_route=\/wp\/v2\/pages\/1230\/revisions"}],"predecessor-version":[{"id":1252,"href":"https:\/\/www.bdtravnickova.cz\/index.php?rest_route=\/wp\/v2\/pages\/1230\/revisions\/1252"}],"wp:attachment":[{"href":"https:\/\/www.bdtravnickova.cz\/index.php?rest_route=%2Fwp%2Fv2%2Fmedia&parent=1230"}],"curies":[{"name":"wp","href":"https:\/\/api.w.org\/{rel}","templated":true}]}}