{"id":160,"date":"2023-04-29T00:41:47","date_gmt":"2023-04-28T22:41:47","guid":{"rendered":"https:\/\/www.bdtravnickova.cz\/wordpress\/?page_id=160"},"modified":"2026-01-14T09:06:06","modified_gmt":"2026-01-14T08:06:06","slug":"clenske-schuze","status":"publish","type":"page","link":"https:\/\/www.bdtravnickova.cz\/?page_id=160","title":{"rendered":"\u010clensk\u00e9 sch\u016fze"},"content":{"rendered":"<h3><a href=\"\/schuze\/2025_schuze_zapis.pdf\">Z\u00e1pis z \u010dlensk\u00e9 sch\u016fze ze dne 3.12.2025<\/a><\/h3>\n<h3><a href=\"\/schuze\/2024_zapis_clenske_schuze.pdf\">Z\u00e1pis z \u010dlensk\u00e9 sch\u016fze ze dne 27.11.2024<\/a><\/h3>\n<h3><a href=\"\/schuze\/2023_zapis_clenske_schuze.pdf\">Z\u00e1pis z \u010dlensk\u00e9 sch\u016fze ze dne 21.11.2023<\/a><\/h3>\n<h3><a href=\"\/soubory\/usneseni_z_nahradni_clenske_schuze_20230117.pdf\">Z\u00e1pis z n\u00e1hradn\u00ed \u010cS 2023<\/a><\/h3>\n<h3><a href=\"\/soubory\/Vysledek_CS2021_BD_PER_ROLLAM.pdf\">Z\u00e1pis z \u010dlensk\u00e9 sch\u016fze 2021 PER ROLLAM<\/a><\/h3>\n<h3><a href=\"\/soubory\/Vysledek_CS2020_BD_PER_ROLLAM.pdf\">Z\u00e1pis z \u010dlensk\u00e9 sch\u016fze 2020 PER ROLLAM<\/a><\/h3>\n<h3><a href=\"\/soubory_html\/clenschuze20191119.html\">Z\u00e1pis z \u010dlensk\u00e9 sch\u016fze ze dne 19. 11. 2019<\/a><\/h3>\n<h3><a href=\"https:\/\/www.bdtravnickova.cz\/soubory_html\/clenschuze20181128.html\">Z\u00e1pis z \u010dlensk\u00e9 sch\u016fze ze dne 28. 11. 2018<\/a><\/h3>\n<h3><a href=\"\/soubory_html\/clenschuze20171109.html\">Z\u00e1pis z \u010dlensk\u00e9 sch\u016fze ze dne 9. 11. 2017<\/a><\/h3>\n<h3><a href=\"\/soubory_html\/clenschuze20161018.html\">Z\u00e1pis z \u010dlensk\u00e9 sch\u016fze ze dne 18. 10. 2016<\/a><\/h3>\n<h3><a href=\"\/soubory_html\/clenschuze20151126.html\">Z\u00e1pis z \u010dlensk\u00e9 sch\u016fze ze dne 26. 11. 2015<\/a><\/h3>\n<h3><a href=\"\/soubory_html\/clenschuze20140114.html\">Z\u00e1pis z \u010dlensk\u00e9 sch\u016fze ze dne 14. 1. 2014<\/a><\/h3>\n<h3><a href=\"\/soubory_html\/clenschuze20130625.html\">Z\u00e1pis z \u010dlensk\u00e9 sch\u016fze ze dne 25. 06. 2013<\/a><\/h3>\n<h3><a href=\"\/soubory_html\/clenschuze20121119.html\">Z\u00e1pis z \u010dlensk\u00e9 sch\u016fze ze dne 19. 11. 2012<\/a><\/h3>\n<h3><a href=\"\/soubory_html\/clenschuze20111213.html\">Z\u00e1pis z \u010dlensk\u00e9 sch\u016fze ze dne 13. 12. 2011<\/a><\/h3>\n<h3><a href=\"\/soubory_html\/clenschuze20101129.html\">Z\u00e1pis z \u010dlensk\u00e9 sch\u016fze ze dne 29. 11. 2010<\/a><\/h3>\n<h3><a href=\"\/soubory_html\/clenschuze20100525.html\">Z\u00e1pis z \u010dlensk\u00e9 sch\u016fze ze dne 25. 5. 2010<\/a><\/h3>\n<h3><a href=\"\/soubory_html\/clenschuze20091101.html\">Z\u00e1pis z \u010dlensk\u00e9 sch\u016fze ze dne 1. 11. 2009<\/a><\/h3>\n<h3><a href=\"\/soubory_html\/clenschuze20081028.html\">Z\u00e1pis z \u010dlensk\u00e9 sch\u016fze ze dne 28. 10. 2008<\/a><\/h3>\n<h3><a href=\"https:\/\/www.bdtravnickova.cz\/clenschuze20071118.html\">Z\u00e1pis z \u010dlensk\u00e9 sch\u016fze ze dne 18. 11. 2007<\/a><\/h3>\n","protected":false},"excerpt":{"rendered":"<p>Z\u00e1pis z \u010dlensk\u00e9 sch\u016fze ze dne 3.12.2025 Z\u00e1pis z \u010dlensk\u00e9 sch\u016fze ze dne 27.11.2024 Z\u00e1pis z \u010dlensk\u00e9 sch\u016fze ze dne 21.11.2023 Z\u00e1pis z n\u00e1hradn\u00ed \u010cS 2023 Z\u00e1pis z \u010dlensk\u00e9 sch\u016fze 2021 PER ROLLAM Z\u00e1pis z \u010dlensk\u00e9 sch\u016fze 2020 PER ROLLAM Z\u00e1pis z \u010dlensk\u00e9 sch\u016fze ze dne 19. 11. 2019 Z\u00e1pis z \u010dlensk\u00e9 sch\u016fze ze dneContinue reading &rarr;<\/p>\n","protected":false},"author":1,"featured_media":0,"parent":0,"menu_order":0,"comment_status":"closed","ping_status":"closed","template":"","meta":{"footnotes":""},"class_list":["post-160","page","type-page","status-publish","hentry","no-thumb"],"_links":{"self":[{"href":"https:\/\/www.bdtravnickova.cz\/index.php?rest_route=\/wp\/v2\/pages\/160","targetHints":{"allow":["GET"]}}],"collection":[{"href":"https:\/\/www.bdtravnickova.cz\/index.php?rest_route=\/wp\/v2\/pages"}],"about":[{"href":"https:\/\/www.bdtravnickova.cz\/index.php?rest_route=\/wp\/v2\/types\/page"}],"author":[{"embeddable":true,"href":"https:\/\/www.bdtravnickova.cz\/index.php?rest_route=\/wp\/v2\/users\/1"}],"replies":[{"embeddable":true,"href":"https:\/\/www.bdtravnickova.cz\/index.php?rest_route=%2Fwp%2Fv2%2Fcomments&post=160"}],"version-history":[{"count":13,"href":"https:\/\/www.bdtravnickova.cz\/index.php?rest_route=\/wp\/v2\/pages\/160\/revisions"}],"predecessor-version":[{"id":1526,"href":"https:\/\/www.bdtravnickova.cz\/index.php?rest_route=\/wp\/v2\/pages\/160\/revisions\/1526"}],"wp:attachment":[{"href":"https:\/\/www.bdtravnickova.cz\/index.php?rest_route=%2Fwp%2Fv2%2Fmedia&parent=160"}],"curies":[{"name":"wp","href":"https:\/\/api.w.org\/{rel}","templated":true}]}}