{"id":18,"date":"2023-04-16T01:06:53","date_gmt":"2023-04-15T23:06:53","guid":{"rendered":"https:\/\/www.bdtravnickova.cz\/wordpress\/?page_id=18"},"modified":"2026-01-14T09:03:09","modified_gmt":"2026-01-14T08:03:09","slug":"kontakty","status":"publish","type":"page","link":"https:\/\/www.bdtravnickova.cz\/?page_id=18","title":{"rendered":"Kontakty"},"content":{"rendered":"<h2><a href=\"https:\/\/www.bdtravnickova.cz\/soubory\/zakladni_informace_bd.pdf\">BD z\u00e1kladn\u00ed informace<\/a><\/h2>\n<p>&nbsp;<\/p>\n<h2><strong>BD Tr\u00e1vn\u00ed\u010dkova 1767-1771, bytov\u00e9 dru\u017estvo<\/strong><\/h2>\n<p><strong>Tr\u00e1vn\u00ed\u010dkova 1768\/13<\/strong><\/p>\n<p><strong>155 00 Praha 5 \u2013 Stod\u016flky<\/strong><\/p>\n<p><strong>P\u0159edm\u011bt \u010dinnosti:<\/strong><\/p>\n<p>Pron\u00e1jem nemovitost\u00ed, byt\u016f a nebytov\u00fdch prostor bez poskytov\u00e1n\u00ed jin\u00fdch ne\u017e z\u00e1kladn\u00edch slu\u017eeb spojen\u00fdch s pron\u00e1jmem nemovitosti, byt\u016f a nebytov\u00fdch prostor.<\/p>\n<p><strong>I\u010cO: 276 22\u00a0088<\/strong><\/p>\n<p><strong>DI\u010c: CZ 276 22\u00a0088<\/strong><\/p>\n<p>BANKOVN\u00cd SPOJEN\u00cd<\/p>\n<p>\u010c\u00edslo \u00fa\u010dtu uveden\u00e9 u \u010cS 3372 161 319 \/ 0800<\/p>\n<p><a href=\"mailto:bd.travnickova@seznam.cz\">Email: bd.travnickova@seznam.cz<\/a><\/p>\n<p>\u00da\u0159edn\u00ed hodiny:<\/p>\n<p>Pond\u011bl\u00ed 18:00 &#8211; 19:00 &#8211; 1x za 14 dn\u00ed (lich\u00fd t\u00fdden)<\/p>\n<p>Kancel\u00e1\u0159 se nach\u00e1z\u00ed ve sklepn\u00edch prostor\u00e1ch vchodu 1768\/13.<\/p>\n<p>Pros\u00edme, dodr\u017eujte tyto \u00fa\u0159edn\u00ed hodiny, po nich n\u00e1sleduje sch\u016fze p\u0159edstavenstva, kde \u0159e\u0161\u00edme dal\u0161\u00ed v\u011bci a nen\u00ed pak mo\u017en\u00e9 \u0159e\u0161it standardn\u00ed po\u017eadavky n\u00e1jemn\u00edk\u016f.<\/p>\n<p>&nbsp;<\/p>\n<h2><span style=\"font-family: Roboto;\">\u010cLENOV\u00c9 P\u0158EDSTAVENSTVA<\/span><\/h2>\n<p><strong>Zden\u011bk Kol\u00e1\u0159 \u2013 p\u0159edseda<\/strong><\/p>\n<p><strong>Martina Kotr\u010dov\u00e1<\/strong><\/p>\n<p><strong>Mgr. Kate\u0159ina Vesel\u00e1<\/strong><\/p>\n<p><strong>Ing. Petr Z\u00e1zvorka \u2013 m\u00edstop\u0159edseda<\/strong><\/p>\n<p>&nbsp;<\/p>\n<h2><span style=\"font-family: Roboto;\">\u010cLENOV\u00c9 KONTROLN\u00cd KOMISE<\/span><\/h2>\n<p><strong>Ji\u0159ina Schindlerov\u00e1 &#8211; p\u0159edseda<\/strong><\/p>\n<p><strong>Jaroslav La\u0161tovka &#8211; m\u00edstop\u0159edseda<\/strong><\/p>\n<p><strong>Milan Schwarz<\/strong><\/p>\n<p><strong>Eva Uli\u010dn\u00e1<\/strong><\/p>\n<p>&nbsp;<\/p>\n<h2><span style=\"font-family: Roboto;\"><a href=\"https:\/\/or.justice.cz\/ias\/ui\/rejstrik-firma.vysledky?subjektId=326782&amp;typ=PLATNY\">V\u00fdpis z obchodn\u00edho rejst\u0159\u00edku<\/a><\/span><\/h2>\n","protected":false},"excerpt":{"rendered":"<p>BD z\u00e1kladn\u00ed informace &nbsp; BD Tr\u00e1vn\u00ed\u010dkova 1767-1771, bytov\u00e9 dru\u017estvo Tr\u00e1vn\u00ed\u010dkova 1768\/13 155 00 Praha 5 \u2013 Stod\u016flky P\u0159edm\u011bt \u010dinnosti: Pron\u00e1jem nemovitost\u00ed, byt\u016f a nebytov\u00fdch prostor bez poskytov\u00e1n\u00ed jin\u00fdch ne\u017e z\u00e1kladn\u00edch slu\u017eeb spojen\u00fdch s pron\u00e1jmem nemovitosti, byt\u016f a nebytov\u00fdch prostor. I\u010cO: 276 22\u00a0088 DI\u010c: CZ 276 22\u00a0088 BANKOVN\u00cd SPOJEN\u00cd \u010c\u00edslo \u00fa\u010dtu uveden\u00e9 u \u010cS 3372 161Continue reading &rarr;<\/p>\n","protected":false},"author":1,"featured_media":0,"parent":0,"menu_order":0,"comment_status":"closed","ping_status":"closed","template":"","meta":{"footnotes":""},"class_list":["post-18","page","type-page","status-publish","hentry","no-thumb"],"_links":{"self":[{"href":"https:\/\/www.bdtravnickova.cz\/index.php?rest_route=\/wp\/v2\/pages\/18","targetHints":{"allow":["GET"]}}],"collection":[{"href":"https:\/\/www.bdtravnickova.cz\/index.php?rest_route=\/wp\/v2\/pages"}],"about":[{"href":"https:\/\/www.bdtravnickova.cz\/index.php?rest_route=\/wp\/v2\/types\/page"}],"author":[{"embeddable":true,"href":"https:\/\/www.bdtravnickova.cz\/index.php?rest_route=\/wp\/v2\/users\/1"}],"replies":[{"embeddable":true,"href":"https:\/\/www.bdtravnickova.cz\/index.php?rest_route=%2Fwp%2Fv2%2Fcomments&post=18"}],"version-history":[{"count":9,"href":"https:\/\/www.bdtravnickova.cz\/index.php?rest_route=\/wp\/v2\/pages\/18\/revisions"}],"predecessor-version":[{"id":898,"href":"https:\/\/www.bdtravnickova.cz\/index.php?rest_route=\/wp\/v2\/pages\/18\/revisions\/898"}],"wp:attachment":[{"href":"https:\/\/www.bdtravnickova.cz\/index.php?rest_route=%2Fwp%2Fv2%2Fmedia&parent=18"}],"curies":[{"name":"wp","href":"https:\/\/api.w.org\/{rel}","templated":true}]}}