{"id":188,"date":"2023-04-30T00:08:33","date_gmt":"2023-04-29T22:08:33","guid":{"rendered":"https:\/\/www.bdtravnickova.cz\/wordpress\/?page_id=188"},"modified":"2023-05-20T22:57:52","modified_gmt":"2023-05-20T20:57:52","slug":"casopis-druzstva","status":"publish","type":"page","link":"https:\/\/www.bdtravnickova.cz\/?page_id=188","title":{"rendered":"\u010casopis dru\u017estva"},"content":{"rendered":"<h3><a href=\"\/soubory\/bulletin_3_13.pdf\">Bulletin &#8211; Prosinec 2013<\/a><\/h3>\n<h3><a href=\"\/soubory\/bulletin_2_13.pdf\">Bulletin &#8211; Z\u00e1\u0159\u00ed 2013<\/a><\/h3>\n<h3><a href=\"\/soubory\/bulletin_1_13.pdf\">Bulletin &#8211; Duben 2013<\/a><\/h3>\n<h3><a href=\"\/soubory\/bulletin_5_12.pdf\">Bulletin &#8211; Z\u00e1\u0159\u00ed 2012<\/a><\/h3>\n<h3><a href=\"\/soubory\/bulletin_4_12.pdf\">Bulletin &#8211; \u010cerven 2012<\/a><\/h3>\n<h3><a href=\"\/soubory\/bulletin_3_12.pdf\">Bulletin &#8211; Kv\u011bten 2012<\/a><\/h3>\n<h3><a href=\"\/soubory\/bulletin_2_12.pdf\">Bulletin &#8211; Duben 2012<\/a><\/h3>\n<h3><a href=\"\/soubory\/bulletin_1_12.pdf\">Bulletin &#8211; \u00danor 2012<\/a><\/h3>\n<h3><a href=\"\/soubory\/bulletin_2_11.pdf\">Bulletin &#8211; \u010cerven 2011<\/a><\/h3>\n<h3><a href=\"\/soubory\/bulletin_c5.pdf\">Bulletin 5 &#8211; Srpen 2009<\/a><\/h3>\n<h3><a href=\"\/soubory\/bulletin_c4.pdf\">Bulletin 4 &#8211; \u010cervenec 2009<\/a><\/h3>\n<h3><a href=\"\/soubory\/bulletin_c3.pdf\">Bulletin 3 &#8211; Kv\u011bten 2009<\/a><\/h3>\n<h3><a href=\"\/soubory\/bulletin_c2.pdf\">Bulletin 2 &#8211; B\u0159ezen 2009<\/a><\/h3>\n<h3><a href=\"\/soubory\/bulletin_c1.pdf\">Bulletin 1 &#8211; Leden 2009<\/a><\/h3>\n","protected":false},"excerpt":{"rendered":"<p>Bulletin &#8211; Prosinec 2013 Bulletin &#8211; Z\u00e1\u0159\u00ed 2013 Bulletin &#8211; Duben 2013 Bulletin &#8211; Z\u00e1\u0159\u00ed 2012 Bulletin &#8211; \u010cerven 2012 Bulletin &#8211; Kv\u011bten 2012 Bulletin &#8211; Duben 2012 Bulletin &#8211; \u00danor 2012 Bulletin &#8211; \u010cerven 2011 Bulletin 5 &#8211; Srpen 2009 Bulletin 4 &#8211; \u010cervenec 2009 Bulletin 3 &#8211; Kv\u011bten 2009 Bulletin 2 &#8211; B\u0159ezenContinue reading &rarr;<\/p>\n","protected":false},"author":1,"featured_media":0,"parent":0,"menu_order":0,"comment_status":"closed","ping_status":"closed","template":"","meta":{"footnotes":""},"class_list":["post-188","page","type-page","status-publish","hentry","no-thumb"],"_links":{"self":[{"href":"https:\/\/www.bdtravnickova.cz\/index.php?rest_route=\/wp\/v2\/pages\/188","targetHints":{"allow":["GET"]}}],"collection":[{"href":"https:\/\/www.bdtravnickova.cz\/index.php?rest_route=\/wp\/v2\/pages"}],"about":[{"href":"https:\/\/www.bdtravnickova.cz\/index.php?rest_route=\/wp\/v2\/types\/page"}],"author":[{"embeddable":true,"href":"https:\/\/www.bdtravnickova.cz\/index.php?rest_route=\/wp\/v2\/users\/1"}],"replies":[{"embeddable":true,"href":"https:\/\/www.bdtravnickova.cz\/index.php?rest_route=%2Fwp%2Fv2%2Fcomments&post=188"}],"version-history":[{"count":5,"href":"https:\/\/www.bdtravnickova.cz\/index.php?rest_route=\/wp\/v2\/pages\/188\/revisions"}],"predecessor-version":[{"id":854,"href":"https:\/\/www.bdtravnickova.cz\/index.php?rest_route=\/wp\/v2\/pages\/188\/revisions\/854"}],"wp:attachment":[{"href":"https:\/\/www.bdtravnickova.cz\/index.php?rest_route=%2Fwp%2Fv2%2Fmedia&parent=188"}],"curies":[{"name":"wp","href":"https:\/\/api.w.org\/{rel}","templated":true}]}}