{"id":205,"date":"2023-04-30T15:29:17","date_gmt":"2023-04-30T13:29:17","guid":{"rendered":"https:\/\/www.bdtravnickova.cz\/wordpress\/?page_id=205"},"modified":"2024-01-07T22:17:09","modified_gmt":"2024-01-07T21:17:09","slug":"smernice","status":"publish","type":"page","link":"https:\/\/www.bdtravnickova.cz\/?page_id=205","title":{"rendered":"Sm\u011brnice"},"content":{"rendered":"<h3><a href=\"\/smernice\/domovni_rad_2021.pdf\"><strong>Domovn\u00ed \u0159\u00e1d<\/strong><\/a><\/h3>\n<h3><a href=\"https:\/\/www.bdtravnickova.cz\/?page_id=1203\"><strong>Sm\u011brnice \u010d. 01\/2007 o prov\u00e1d\u011bn\u00ed oprav v bytech<\/strong><\/a><\/h3>\n<h3><a href=\"\/smernice\/smernice307.html\"><strong>Sm\u011brnice \u010d. 03\/2007 kter\u00e9 opravy hrad\u00ed dru\u017estvo a kter\u00e9 dru\u017estevn\u00edci a n\u00e1jemn\u00edci<\/strong><\/a><\/h3>\n<h3><a href=\"\/smernice\/smernice407.html\"><strong>Sm\u011brnice \u010d. 04\/2007 ke kontroln\u00ed \u010dinnosti<\/strong><\/a><\/h3>\n<h3><a href=\"\/smernice\/smernice108.html\"><strong>Sm\u011brnice \u010d. 01\/2008 o aktualizaci evidence osob<\/strong><\/a><\/h3>\n<h3><a href=\"\/smernice\/smernice208.html\"><strong>Sm\u011brnice \u010d. 02\/2008 sank\u010dn\u00ed \u0159\u00e1d<\/strong><\/a><\/h3>\n<h3><a href=\"\/smernice\/smernice308.html\"><strong>Sm\u011brnice \u010d. 03\/2008 o pr\u00e1ci s dlu\u017en\u00edky<\/strong><\/a><\/h3>\n<h1><\/h1>\n<h1><span style=\"color: #333333;\">Po\u017e\u00e1rn\u00ed \u0159\u00e1d a poplachov\u00e1 sm\u011brnice<\/span><\/h1>\n<h3><\/h3>\n<h3><a href=\"\/smernice\/1767_Pozarni_rad.pdf\"><strong>1767-Po\u017e\u00e1rn\u00ed \u0159\u00e1d<\/strong><\/a><\/h3>\n<h3><a href=\"\/smernice\/1767_-_PPS.pdf\"><strong>1767-Po\u017e\u00e1rn\u00ed poplachov\u00e1 sm\u011brnice<\/strong><\/a><\/h3>\n<h3><a href=\"\/smernice\/1768_Pozarni_rad.pdf\"><strong>1768-Po\u017e\u00e1rn\u00ed \u0159\u00e1d<\/strong><\/a><\/h3>\n<h3><a href=\"\/smernice\/1768_-_PPS.pdf\"><strong>1768-Po\u017e\u00e1rn\u00ed poplachov\u00e1 sm\u011brnice<\/strong><\/a><\/h3>\n<h3><a href=\"\/smernice\/1769_Pozarni_rad.pdf\"><strong>1769-Po\u017e\u00e1rn\u00ed \u0159\u00e1d<\/strong><\/a><\/h3>\n<h3><a href=\"\/smernice\/1769_-_PPS.pdf\"><strong>1769-Po\u017e\u00e1rn\u00ed poplachov\u00e1 sm\u011brnice<\/strong><\/a><\/h3>\n<h3><a href=\"\/smernice\/1770_Pozarni_rad.pdf\"><strong>1770-Po\u017e\u00e1rn\u00ed \u0159\u00e1d<\/strong><\/a><\/h3>\n<h3><a href=\"\/smernice\/1770_-_PPS.pdf\"><strong>1770-Po\u017e\u00e1rn\u00ed poplachov\u00e1 sm\u011brnice<\/strong><\/a><\/h3>\n<h3><a href=\"\/smernice\/1771_Pozarni_rad.pdf\"><strong>1771-Po\u017e\u00e1rn\u00ed \u0159\u00e1d<\/strong><\/a><\/h3>\n<h3><a href=\"https:\/\/www.bdtravnickova.cz\/smernice\/1771_-_PPS.pdf\"><strong>1771-Po\u017e\u00e1rn\u00ed poplachov\u00e1 sm\u011brnice<\/strong><\/a><\/h3>\n","protected":false},"excerpt":{"rendered":"<p>Domovn\u00ed \u0159\u00e1d Sm\u011brnice \u010d. 01\/2007 o prov\u00e1d\u011bn\u00ed oprav v bytech Sm\u011brnice \u010d. 03\/2007 kter\u00e9 opravy hrad\u00ed dru\u017estvo a kter\u00e9 dru\u017estevn\u00edci a n\u00e1jemn\u00edci Sm\u011brnice \u010d. 04\/2007 ke kontroln\u00ed \u010dinnosti Sm\u011brnice \u010d. 01\/2008 o aktualizaci evidence osob Sm\u011brnice \u010d. 02\/2008 sank\u010dn\u00ed \u0159\u00e1d Sm\u011brnice \u010d. 03\/2008 o pr\u00e1ci s dlu\u017en\u00edky Po\u017e\u00e1rn\u00ed \u0159\u00e1d a poplachov\u00e1 sm\u011brnice 1767-Po\u017e\u00e1rn\u00ed \u0159\u00e1d 1767-Po\u017e\u00e1rn\u00edContinue reading &rarr;<\/p>\n","protected":false},"author":1,"featured_media":0,"parent":0,"menu_order":0,"comment_status":"closed","ping_status":"closed","template":"","meta":{"footnotes":""},"class_list":["post-205","page","type-page","status-publish","hentry","no-thumb"],"_links":{"self":[{"href":"https:\/\/www.bdtravnickova.cz\/index.php?rest_route=\/wp\/v2\/pages\/205","targetHints":{"allow":["GET"]}}],"collection":[{"href":"https:\/\/www.bdtravnickova.cz\/index.php?rest_route=\/wp\/v2\/pages"}],"about":[{"href":"https:\/\/www.bdtravnickova.cz\/index.php?rest_route=\/wp\/v2\/types\/page"}],"author":[{"embeddable":true,"href":"https:\/\/www.bdtravnickova.cz\/index.php?rest_route=\/wp\/v2\/users\/1"}],"replies":[{"embeddable":true,"href":"https:\/\/www.bdtravnickova.cz\/index.php?rest_route=%2Fwp%2Fv2%2Fcomments&post=205"}],"version-history":[{"count":14,"href":"https:\/\/www.bdtravnickova.cz\/index.php?rest_route=\/wp\/v2\/pages\/205\/revisions"}],"predecessor-version":[{"id":1243,"href":"https:\/\/www.bdtravnickova.cz\/index.php?rest_route=\/wp\/v2\/pages\/205\/revisions\/1243"}],"wp:attachment":[{"href":"https:\/\/www.bdtravnickova.cz\/index.php?rest_route=%2Fwp%2Fv2%2Fmedia&parent=205"}],"curies":[{"name":"wp","href":"https:\/\/api.w.org\/{rel}","templated":true}]}}