{"id":665,"date":"2023-05-13T15:40:39","date_gmt":"2023-05-13T13:40:39","guid":{"rendered":"https:\/\/www.bdtravnickova.cz\/wordpress\/?page_id=665"},"modified":"2025-10-20T23:29:31","modified_gmt":"2025-10-20T21:29:31","slug":"info-pro-vas","status":"publish","type":"page","link":"https:\/\/www.bdtravnickova.cz\/?page_id=665","title":{"rendered":"Info pro v\u00e1s"},"content":{"rendered":"<h2>Cena \u010dip\u016f a kl\u00ed\u010d\u016f<\/h2>\n<p><strong>Cena \u010dip\u016f a kopie kl\u00ed\u010de od sklepn\u00edch m\u0159\u00ed\u017e\u00ed pro n\u00e1jemn\u00edky \u010din\u00ed 250 K\u010d\/ks.<\/strong><\/p>\n<p>&nbsp;<\/p>\n<h2><strong>Komunikace se spr\u00e1vcem<\/strong><\/h2>\n<p><strong>Smluvn\u00ed z\u00e1le\u017eitosti, ot\u00e1zky eviden\u010dn\u00edch list\u016f, zaplacen\u00fdch n\u00e1jemn\u00fdch apod. \u0159e\u0161\u00ed p\u00ed Je\u017ekov\u00e1.<\/strong><\/p>\n<p>Pro komunikaci pros\u00edm pou\u017e\u00edvejte e-mail\u00a0<a href=\"mailto:sprava@jezkova.cz\">sprava@jezkova.cz<\/a>\u00a0nebo telefon<span style=\"color: #ff0000;\"><strong> 774 845\u00a0100<\/strong>.<\/span><\/p>\n<p>Sv\u00e9 vzkazy pro p\u00ed. Je\u017ekovou m\u016f\u017eete rovn\u011b\u017e vhazovat do schr\u00e1nky \u010dlena p\u0159edstavenstva ve va\u0161em vchod\u011b.<\/p>\n<h2><strong><a href=\"\/soubory\/aktualizace_udaju_evidence_2023.pdf\">Pravidla pro aktualizaci \u00fadaj\u016f v Eviden\u010dn\u00edch listech, N\u00e1jemn\u00edch smlouv\u00e1ch a P\u0159edpisech plateb<\/a>.<\/strong><\/h2>\n<p>&nbsp;<\/p>\n<h2>Vyklizen\u00ed spole\u010dn\u00fdch prostor<\/h2>\n<p style=\"text-align: justify;\">P\u0159i kontrole spole\u010dn\u00fdch prostor na\u0161eho BD bylo zji\u0161t\u011bno, \u017ee je zde\u00a0<strong>neopr\u00e1vn\u011bn\u011b<\/strong>\u00a0(tj. bez platn\u00e9 n\u00e1jemn\u00ed smlouvy nebo bez p\u00edsemn\u00e9ho souhlasu BD)\u00a0<strong>ulo\u017eeno<\/strong>\u00a0<strong>mno\u017estv\u00ed<\/strong>\u00a0<strong>v\u011bc\u00ed<\/strong>\u00a0(n\u00e1bytek, elektrospot\u0159ebi\u010de, stavebn\u00ed materi\u00e1l a jin\u00e9 haraburd\u00ed). Tyto v\u011bci nejen\u017ee hyzd\u00ed na\u0161e spole\u010dn\u00e9 prostory a br\u00e1n\u00ed jejich \u0159\u00e1dn\u00e9mu u\u017e\u00edv\u00e1n\u00ed, ale nav\u00edc znamenaj\u00ed poru\u0161en\u00ed bezpe\u010dnostn\u00edch p\u0159edpis\u016f, zejm\u00e9na hygienick\u00fdch a protipo\u017e\u00e1rn\u00edch.<\/p>\n<p>&nbsp;<\/p>\n<h2><a class=\"red\" href=\"\/soubory_html\/Overeni_odectu_radiatoru.html\" rel=\"noopener\">Ov\u011b\u0159en\u00ed ode\u010dtu radi\u00e1tor\u016f<\/a><\/h2>\n<p>&nbsp;<\/p>\n<h2><strong>PROBL\u00c9MY SE VSTUPEM NE\u017d\u00c1DOUC\u00cdCH OSOB<\/strong><\/h2>\n<p style=\"text-align: justify;\"><strong>Pros\u00edme v\u00e1s v\u0161echny, abyste si v\u00edce v\u0161\u00edmali toho, koho do domu vpou\u0161t\u00edte a pokud z\u00e1vadov\u00e9 osoby v dom\u011b uvid\u00edte, abyste nebyli laxn\u00ed a zavolali policii a uv\u011bdomili domovn\u00edka.\u00a0Uv\u011bdomte si, \u017ee pokud tyto osoby do domu vpust\u00edme, tak t\u00edm v\u00fdrazn\u011b omezujeme na\u0161e mo\u017enosti chr\u00e1nit sv\u016fj majetek p\u0159ed poni\u010den\u00edm a p\u0159\u00edpadn\u011b zcizen\u00edm.<\/strong><\/p>\n<p style=\"text-align: justify;\">P\u0159esto, \u017ee jsme se stali vlastn\u00edky nemovitosti, nenau\u010dili jsme se jako vlastn\u00edci chovat. Nedodr\u017eujeme pravidla, a sv\u00fdm nev\u0161\u00edmav\u00fdm p\u0159\u00edstupem umo\u017e\u0148ujeme druh\u00fdm n\u00e1\u0161 majetek ni\u010dit. M\u011bli bychom v\u00edce sledovat, kdo se chov\u00e1 podez\u0159ele a nepou\u0161t\u011bt podez\u0159el\u00e9 a ciz\u00ed osoby do domu.<\/p>\n<p style=\"text-align: justify;\"><strong>\u00a0<\/strong><\/p>\n<h2><a class=\"blue2\">Sponzorujete sv\u00e9 sousedy r\u00e1di?<\/a><img loading=\"lazy\" decoding=\"async\" src=\"https:\/\/www.bdtravnickova.cz\/img\/odpadky.jpg\" width=\"185\" height=\"157\" align=\"right\" \/><\/h2>\n<p style=\"text-align: justify;\"><strong>Za nepo\u0159\u00e1dek kolem popelnic, kter\u00fd ud\u011blal v\u00e1\u0161 soused, plat\u00edte sv\u00fdmi pen\u011bzi vy!<\/strong><\/p>\n<p style=\"text-align: justify;\">V\u00e1\u017een\u00ed vlastn\u00edci a n\u00e1jemn\u00edci, kontejnery um\u00edst\u011bn\u00e9 p\u0159ed na\u0161imi domy slou\u017e\u00ed pouze k odkl\u00e1d\u00e1n\u00ed b\u011b\u017en\u00e9ho komun\u00e1ln\u00edho odpadu, a to dovnit\u0159 kontejneru, nikoli vedle n\u011bj. Nepot\u0159ebn\u00fd n\u00e1bytek, \u0161atstvo a dal\u0161\u00ed v\u011bci, kter\u00fdch se chcete zbavit, m\u016f\u017eete odv\u00e9st do sb\u011brn\u00e9ho dvora (viz n\u00ed\u017ee), kde je ulo\u017een\u00ed zdarma. Jako majitel\u00e9 domu m\u00e1me povinnost udr\u017eovat po\u0159\u00e1dek a \u010distotu u na\u0161ich kontejner\u016f.<\/p>\n<p style=\"text-align: justify;\">Pokud bychom tuto povinnost neplnili, dopustili bychom se p\u0159estupku a M\u011bstsk\u00fd \u00fa\u0159ad Prahy 13 by n\u00e1m okam\u017eit\u011b ulo\u017eil pokutu, kterou bychom museli zaplatit v\u0161ichni&#8230;.<\/p>\n<p style=\"text-align: justify;\">Za p\u0159\u00edklad m\u016f\u017ee slou\u017eit nejedna v\u00fdzva m\u011bstsk\u00e9 \u010d\u00e1sti Praha 13 (v\u00fdzvy uv\u00e1d\u00edme n\u00ed\u017ee), ve kter\u00e9 byly bytov\u00e9mu dru\u017estvu Tr\u00e1vn\u00ed\u010dkova zasl\u00e1ny fotografie nepo\u0159\u00e1dku u na\u0161ich popelnic s t\u00edm, \u017ee pokud nebude nepo\u0159\u00e1dek neprodlen\u011b odstran\u011bn, bude krom\u011b n\u00e1klad\u016f na jeho odstran\u011bn\u00ed \u00fa\u010dtov\u00e1na dru\u017estvu i pokuta. A proto\u017ee jsme jako dru\u017estvo pr\u00e1vnickou osobou, hroz\u00ed n\u00e1m pokuta a\u017e do v\u00fd\u0161e <strong>500.000,- K\u010d.<\/strong><\/p>\n<p style=\"text-align: justify;\">(Nezapome\u0148te, \u017ee jde o Va\u0161e pen\u00edze, kter\u00e9 v\u00e1m budou na\u00fa\u010dtov\u00e1ny vedle b\u011b\u017en\u00fdch slu\u017eeb, co\u017e se vztahuje i na n\u00e1jemn\u00edky).<\/p>\n<p style=\"text-align: justify;\">Proto pokud n\u011bkdo z v\u00e1s v\u00ed, kdo je p\u016fvodcem takov\u00e9ho nepo\u0159\u00e1dku, oznamte to pros\u00edm p\u0159edstavenstvu.<\/p>\n<p style=\"text-align: justify;\"><strong>D\u00e1le \u017e\u00e1d\u00e1me vlastn\u00edky, kte\u0159\u00ed sv\u00e9 byty pronaj\u00edmaj\u00ed, aby upozornili sv\u00e9 n\u00e1jemn\u00edky na nutnost zachov\u00e1vat po\u0159\u00e1dek a \u010distotu.<\/strong><\/p>\n<p><img loading=\"lazy\" decoding=\"async\" src=\"https:\/\/www.bdtravnickova.cz\/img\/odpadky_1.jpg\" width=\"300\" height=\"200\" align=\"left\" \/><img loading=\"lazy\" decoding=\"async\" src=\"https:\/\/www.bdtravnickova.cz\/img\/odpadky_2.jpg\" width=\"300\" height=\"200\" align=\"right\" \/><b><\/b><\/p>\n<p>&nbsp;<\/p>\n<p>&nbsp;<\/p>\n<p>&nbsp;<\/p>\n<p>&nbsp;<\/p>\n<p>&nbsp;<\/p>\n<p>&nbsp;<\/p>\n<p><b>Sb\u011brn\u00fd dv\u016fr Praha 5 a Praha 13<\/b><br \/>\nPuchmajerova ul., Praha 5 \u2013 Jinonice<br \/>\nTel.: 737 240 853<br \/>\nPo \u2013 \u010ct 8.30 &#8211; 17.00 (v l\u00e9t\u011b do 18.00)<br \/>\nP\u00e1 8.30 &#8211; 15.00<\/p>\n<p><b>Sb\u011brn\u00fd dv\u016fr Praha 6 \u2013 Dejvice<\/b><br \/>\nProbo\u0161tsk\u00e1 1, Praha 6 \u2013 Dejvice<br \/>\nPo \u2013 \u010ct 8.30 \u2013 17.00 (v l\u00e9t\u011b do 18.00)<br \/>\nP\u00e1 8.30 \u2013 15.00<\/p>\n","protected":false},"excerpt":{"rendered":"<p>Cena \u010dip\u016f a kl\u00ed\u010d\u016f Cena \u010dip\u016f a kopie kl\u00ed\u010de od sklepn\u00edch m\u0159\u00ed\u017e\u00ed pro n\u00e1jemn\u00edky \u010din\u00ed 250 K\u010d\/ks. &nbsp; Komunikace se spr\u00e1vcem Smluvn\u00ed z\u00e1le\u017eitosti, ot\u00e1zky eviden\u010dn\u00edch list\u016f, zaplacen\u00fdch n\u00e1jemn\u00fdch apod. \u0159e\u0161\u00ed p\u00ed Je\u017ekov\u00e1. Pro komunikaci pros\u00edm pou\u017e\u00edvejte e-mail\u00a0sprava@jezkova.cz\u00a0nebo telefon 774 845\u00a0100. Sv\u00e9 vzkazy pro p\u00ed. Je\u017ekovou m\u016f\u017eete rovn\u011b\u017e vhazovat do schr\u00e1nky \u010dlena p\u0159edstavenstva ve va\u0161em vchod\u011b.Continue reading &rarr;<\/p>\n","protected":false},"author":1,"featured_media":0,"parent":0,"menu_order":0,"comment_status":"closed","ping_status":"closed","template":"","meta":{"footnotes":""},"class_list":["post-665","page","type-page","status-publish","hentry","no-thumb"],"_links":{"self":[{"href":"https:\/\/www.bdtravnickova.cz\/index.php?rest_route=\/wp\/v2\/pages\/665","targetHints":{"allow":["GET"]}}],"collection":[{"href":"https:\/\/www.bdtravnickova.cz\/index.php?rest_route=\/wp\/v2\/pages"}],"about":[{"href":"https:\/\/www.bdtravnickova.cz\/index.php?rest_route=\/wp\/v2\/types\/page"}],"author":[{"embeddable":true,"href":"https:\/\/www.bdtravnickova.cz\/index.php?rest_route=\/wp\/v2\/users\/1"}],"replies":[{"embeddable":true,"href":"https:\/\/www.bdtravnickova.cz\/index.php?rest_route=%2Fwp%2Fv2%2Fcomments&post=665"}],"version-history":[{"count":8,"href":"https:\/\/www.bdtravnickova.cz\/index.php?rest_route=\/wp\/v2\/pages\/665\/revisions"}],"predecessor-version":[{"id":1481,"href":"https:\/\/www.bdtravnickova.cz\/index.php?rest_route=\/wp\/v2\/pages\/665\/revisions\/1481"}],"wp:attachment":[{"href":"https:\/\/www.bdtravnickova.cz\/index.php?rest_route=%2Fwp%2Fv2%2Fmedia&parent=665"}],"curies":[{"name":"wp","href":"https:\/\/api.w.org\/{rel}","templated":true}]}}